{"id":88,"date":"2013-07-02T16:21:09","date_gmt":"2013-07-02T23:21:09","guid":{"rendered":"http:\/\/www.casalcatalalosangeles.org\/?page_id=88"},"modified":"2014-02-03T17:38:19","modified_gmt":"2014-02-04T01:38:19","slug":"enllacos","status":"publish","type":"page","link":"https:\/\/misideas.net\/?page_id=88","title":{"rendered":"ENLLA\u00c7OS D&#8217;INTER\u00c8S"},"content":{"rendered":"<p><b>Useful links for Foreign Correspondents<\/b><\/p>\n<p><b><a href=\"http:\/\/www.periodistes.org\/cipb\/home.php\">The Barcelona International Press Center<\/a><\/b><\/p>\n<p><a href=\"http:\/\/www.ccma.cat\/inici\/inici_eng.htm\">The Catalan Broadcasting Corporation (radio and television)<\/a><\/p>\n<p><a href=\"http:\/\/ves.cat\/adAL\">Foreign Affairs and Cooperation Department of the Catalan Government<\/a><\/p>\n<p><b>Universities<\/b><\/p>\n<p><b><a href=\"http:\/\/www.uab.cat\/\">Autonomous University of Barcelona<\/a><\/b><\/p>\n<p><a href=\"http:\/\/www.ub.cat\/\">University of Barcelona<\/a><\/p>\n<p><a href=\"http:\/\/www.upc.edu\/eng\">Polytechnic University of Barcelona<\/a><\/p>\n<p><a href=\"http:\/\/www.url.cat\/en\/index.php\">Ramon Llull University<\/a><\/p>\n<p><a href=\"http:\/\/www.upf.edu\/en\/index.shtml\">Pompeu Fabra University<\/a><\/p>\n<p><a href=\"http:\/\/www.uoc.edu\/web\/eng\/index.html\">UOC &#8211; Open University of Catalonia<\/a><\/p>\n<p><a href=\"http:\/\/www.uic.es\/primera.uic?lg=2\">International University of Catalonia<\/a><\/p>\n<p><a href=\"http:\/\/www.udl.cat\/en.html\">University of Lleida<\/a><\/p>\n<p><a href=\"http:\/\/www.udg.edu\/\">University of Girona<\/a><\/p>\n<p><a href=\"http:\/\/www.uv.es\">Universitat de Val\u00e8ncia<\/a><\/p>\n<p><a href=\"http:\/\/www.urv.cat\/en_index.html\">RVU &#8211; Rovila i Virgili University (Tarragona)<\/a><\/p>\n<p><a href=\"http:\/\/www.uib.es\/ca\/\">University of the Balearic Islands<\/a> <a href=\"http:\/\/www.univ-perp.fr\/en\/index.html\">UPVD &#8211;<\/a><\/p>\n<p><a href=\"http:\/\/www.univ-perp.fr\/en\/index.html\">University of Perpignan Via Domitia<\/a><\/p>\n<p><a href=\"http:\/\/www.uda.ad\/index.php?lang=english\">University of Andorra<\/a><\/p>\n<p><a href=\"http:\/\/wzar.unizar.es\/servicios\/ingles\/prese.htm\">University of Saragossa<\/a><\/p>\n<p><a href=\"http:\/\/www.uniss.it\/php\/home.php\">Universit\u00e0 degli Studi di Sassari (Sardinia)<\/a><\/p>\n<p><a href=\"http:\/\/www.unica.it\/pub\/english\/\">University of Cagliari (Sardinia)<\/a><\/p>\n<p><b>Newspapers and magazines<\/b><\/p>\n<p><b><a href=\"http:\/\/www.lavanguardia.es\/\">La Vanguardia<\/a><\/b><\/p>\n<p><a href=\"http:\/\/www.avui.cat\/\">El Punt Avui<\/a><\/p>\n<p><a href=\"http:\/\/www.elpais.com\/\">El Pa\u00eds<\/a><\/p>\n<p><a href=\"http:\/\/www.elperiodico.com\/\">El Periodico<\/a><\/p>\n<p><a href=\"http:\/\/dbalears.cat\/\">Diari de Balears (Balearic Islands)<\/a><\/p>\n<p><a href=\"http:\/\/www.cataloniatoday.cat\/\">Catalonia Today<\/a><\/p>\n<p><a href=\"http:\/\/www.international-view.cat\/\">Catalan International View<\/a><\/p>\n<p><a href=\"http:\/\/www.eltemps.net\/\">El Temps<\/a><\/p>\n<p><a href=\"http:\/\/www.levante-emv.com\/\">El Mercantil Valenciano<\/a><\/p>\n<p><a href=\"http:\/\/www.lindependant.com\/\">L&#8217;Ind\u00e9pendant (Perpignan)<\/a><\/p>\n<p><a href=\"http:\/\/www.sudouest.fr\/\">Sud Ouest (South-West France)<\/a><\/p>\n<p><a href=\"http:\/\/mirmanda.blogspot.com\/\">Mirmanda (Northern Catalonia)<\/a><\/p>\n<p><a href=\"http:\/\/www.diariandorra.ad\/\">Diari d&#8217;Andorra<\/a><\/p>\n<p><a href=\"http:\/\/elperiodicdandorra.ad\/\">El Peri\u00f2dic d&#8217;Andorra<\/a><\/p>\n<p><a href=\"http:\/\/www.alguer.it\/\">Alguer.it (Alghero, Sardinia)<\/a><\/p>\n<p><a href=\"http:\/\/www.algherocronache.it\/\">Alghero Cronache (Alghero, Sardinia)<\/a><\/p>\n<p><a href=\"http:\/\/www.revistamoncat.cat\/\">M\u00f3n.cat magazine<\/a><\/p>\n<p><a href=\"http:\/\/www.ara.cat\">ARA.cat<\/a><\/p>\n<p><b>Online news sites<\/b><\/p>\n<p><b><a href=\"http:\/\/www.eltriangle.eu\/\">El Triangle<\/a><\/b><\/p>\n<p><a href=\"http:\/\/www.vilaweb.cat\/\">Vilaweb<\/a><\/p>\n<p><a href=\"http:\/\/www.elsingulardigital.cat\/\">El Singular Digital<\/a><\/p>\n<p><a href=\"http:\/\/www.e-noticies.cat\/\">E-Not\u00edcies<\/a><\/p>\n<p><a href=\"http:\/\/www.algheronotizie.it\/\">Alghero Notizie<\/a><\/p>\n<p><a href=\"http:\/\/intocabledigital.cat\/\">Intocable Digital<\/a><\/p>\n<p><b>News Agencies<\/b><\/p>\n<p><b><a href=\"http:\/\/www.acn.cat\/webACN\/index.do\">ACN (Catalan News Agency)<\/a><\/b><\/p>\n<p><a href=\"http:\/\/www.europapress.cat\/\">Agencia Europa Press<\/a><\/p>\n<p><b>Television<\/b><\/p>\n<p><b><a href=\"http:\/\/www.tv3.cat\/\">Tv3 &#8211; Televisi\u00f3 de Catalunya<\/a><\/b><\/p>\n<p><a href=\"http:\/\/www.3cat24.cat\/\">3cat24 (24-hour news)<\/a><\/p>\n<p><a href=\"http:\/\/www.rtvv.es\/\">RTVV &#8211; Canal 9 (Valencia)<\/a><\/p>\n<p><a href=\"http:\/\/www.aragontelevision.es\/\">Arag\u00f3n TV<\/a><\/p>\n<p><a href=\"http:\/\/www.rtva.ad\/\">Radio and Television of Andorra<\/a><\/p>\n<p><a href=\"http:\/\/www.alghero.tv\/\">Alghero TV<\/a><\/p>\n<p><a href=\"http:\/\/ib3noticies.com\/\">IB3 Not\u00edcies (Balearic Islands)<\/a><\/p>\n<p><b>Radio<\/b><\/p>\n<p><b><a href=\"http:\/\/rac1.org\/\">Rac 1<\/a><\/b><\/p>\n<p><a href=\"http:\/\/comradio.cat\/\">ComR\u00e0dio<\/a><\/p>\n<p><a href=\"http:\/\/www.catradio.cat\/\">Catalunya R\u00e0dio<\/a><\/p>\n<p><a href=\"http:\/\/www.paisoscatalans.fm\/\">Pa\u00efsos Catalans.fm<\/a><\/p>\n<p><a href=\"http:\/\/www.rtva.ad\/\">Radio and Television of Andorra<\/a><\/p>\n<p><a href=\"http:\/\/www.radiocatalognenord.com\/accueil\/index.php\">Radio of Northern Catalonia<\/a><\/p>\n<p><a href=\"http:\/\/www.arrels.net\/\">Arrels &#8211; \u201cThe Voice of Northern Catalunya\u201d<\/a><\/p>\n<p><a href=\"http:\/\/www.aragonradio.es\/\">Radio Arag\u00f3n<\/a><\/p>\n<p><a href=\"http:\/\/www.ondastereo.com\/\">Radio Onda Stereo (Sardegna)<\/a><\/p>\n<p><a href=\"http:\/\/www.radionou.com\/desconex.asp\">Radio Nou (Valencia)<\/a><\/p>\n<p><b>Institutions<\/b><\/p>\n<p><b><a href=\"http:\/\/www.bcn.cat\/en\/ihome.htm\">City of Barcelona<\/a><\/b> <a href=\"http:\/\/www.gencat.cat\/index_eng.htm\">Government of Catalonia<\/a> <a href=\"http:\/\/www.parlament.cat\/web\">Parliament of Catalonia<\/a><\/p>\n<p><a href=\"http:\/\/www.valencia.es\/\">City of Valencia<\/a> <a href=\"http:\/\/www.gva.es\/\">Government of Valencia<\/a> <a href=\"http:\/\/www.cortsvalencianes.es\/\">Parliament of Valencia<\/a><\/p>\n<p><a href=\"http:\/\/www.palmademallorca.es\/\">City of Palma, Mallorca (Balearic Islands)<\/a> <a href=\"http:\/\/www.caib.es\/\">Government of the Balearic Islands<\/a> <a href=\"http:\/\/www.parlamentib.es\/\">Parliament of the Balearic Islands<\/a> <a href=\"http:\/\/www.ciutatdelalguer.it\/comune_alghero.htm\">City of Alghero, Sardinia<\/a><\/p>\n<p><a href=\"http:\/\/www.mairie-perpignan.fr\/index.php?lg=CA\">City of Perpignan, France<\/a> <a href=\"http:\/\/www.cg66.fr\/bienvenue\/index.html\">D\u00e9partement des Pyr\u00e9n\u00e9es-Orientales<\/a><\/p>\n<p><a href=\"http:\/\/www.zaragoza.es\/sedeelectronica\/\">City of Saragossa<\/a> <a href=\"http:\/\/portal.aragon.es\/portal\/page\/portal\/DGA\/INICIO\">Government of Arag\u00f3n<\/a> <a href=\"http:\/\/www.cortesaragon.es\/\">Parliament of Arag\u00f3n<\/a><\/p>\n<p><a href=\"http:\/\/www.andorralavella.ad\/\">City of Andorra la Vella<\/a> <a href=\"http:\/\/www.govern.ad\/\">Government of Andorra<\/a> <a href=\"http:\/\/www.consell.ad\/micg\/webconsell.nsf\">Parliament of Andorra<\/a><\/p>\n<p><b>Learn catalan<\/b><\/p>\n<p><span style=\"text-decoration: underline;\"><a href=\"http:\/\/www.parla.cat\">Parla.cat<\/a><\/span><\/p>\n<p><b>Dictionaris<\/b><\/p>\n<p><span style=\"text-decoration: underline;\"><a href=\"http:\/\/www.diccionari.cat\">Diccionari<\/a><\/span><\/p>\n<p><span style=\"text-decoration: underline;\"><a href=\"http:\/\/multilingue.cat\">Multilingue<\/a><\/span><\/p>\n<p><b>IT &amp; programming<\/b><\/p>\n<p><span style=\"text-decoration: underline;\"><a href=\"http:\/\/www.softcatala.org\">Softcatala<\/a><\/span><\/p>\n<p><b>\u00a0<\/b><\/p>\n<p><b>Other links of interest<\/b><\/p>\n<p><b><a href=\"http:\/\/www.patronatcatalunyamon.cat\/\">Patronat Catalunya M\u00f3n<\/a><\/b> <a href=\"http:\/\/www.cidob.org\/\">CIDOB &#8211; Barcelona Center for International Affairs<\/a><\/p>\n<p><a href=\"http:\/\/emma-col-cat.blogspot.com\/\">Col\u00b7lectiu Emma<\/a><\/p>\n<p><a href=\"http:\/\/www.iemed.org\/aindex.php\">IEMed &#8211; Institut Europeu de la Mediterr\u00e0nia<\/a><\/p>\n<p><a href=\"http:\/\/www.anglo-catalan.org\/jocs\/10\/index.html\">Journal of Catalan Studies<\/a><\/p>\n<p><a href=\"http:\/\/www.gencat.cat\/icip\/eng\/index.html\">ICIP &#8211; International Catalan Institute for Peace<\/a><\/p>\n<p><a href=\"http:\/\/www.llull.cat\/\">Ramon Llull Institute<\/a><\/p>\n<p><a href=\"http:\/\/www.iec.cat\/activitats\/entrada.asp\">Institut d\u2019Estudis Catalans<\/a><\/p>\n<p><a href=\"http:\/\/www.inev.org\/\">Institut d\u2019Estudis Valencians<\/a><\/p>\n<p><a href=\"http:\/\/www.iea.ad\/\">Institut d\u2019Estudis Andorrans<\/a><\/p>\n<p><a href=\"http:\/\/www.iebalearics.org\/\">Institut d\u2019Estudis Bale\u00e0rics<\/a><\/p>\n<p><a href=\"http:\/\/www.unescocat.org\/en\/\">UNESCO Center of Catalonia<\/a><\/p>\n<p><a href=\"http:\/\/www.visat.cat\/index.php?idioma=eng\">Visat \u2013 a digital magazine devoted to literary translation<\/a><\/p>\n<p><a href=\"http:\/\/www.omnium.cat\/www\/omnium\/ca\/\">\u00d2mnium Cultural \u2013 language, culture, country<\/a><\/p>\n<p><a href=\"http:\/\/www.escacc.cat\/\">ESCACC &#8211; Fundaci\u00f3 Espai Catal\u00e0 de Cultura i Comunicaci\u00f3<\/a><\/p>\n<p><a href=\"http:\/\/www.wilson.cat\">Col.lectiu Wilson<\/a><a href=\"http:\/\/www.llull.cat\/_eng\/_home\/index.cfm?seccio=inici&amp;ampsubseccio=1\">Catalan Culture (Institut Ramon Llull)<\/a><\/p>\n<p><a href=\"http:\/\/horitzoeu.bloc.cat\/\">Hortiz\u00f3 Europa<\/a><\/p>\n<p><b>Blogs about Catalonia in English<\/b><\/p>\n<p><b><a href=\"http:\/\/www.newscatalonia.com\/\">News Catalonia<\/a><\/b><\/p>\n<p><a href=\"http:\/\/www.cataloniadirect.info\/\">Catalonia Direct<\/a><\/p>\n<p><a href=\"http:\/\/www.cataloniablog.com\/\">Catalonia Blog<\/a><\/p>\n","protected":false},"excerpt":{"rendered":"<p>Useful links for Foreign Correspondents The Barcelona International Press Center The Catalan Broadcasting Corporation (radio and television) Foreign Affairs and Cooperation Department of the Catalan Government Universities Autonomous University of Barcelona University of Barcelona Polytechnic University of Barcelona Ramon Llull &hellip; <a href=\"https:\/\/misideas.net\/?page_id=88\">Continue reading <span class=\"meta-nav\">&rarr;<\/span><\/a><\/p>\n","protected":false},"author":1,"featured_media":0,"parent":0,"menu_order":7,"comment_status":"closed","ping_status":"closed","template":"","meta":{"footnotes":""},"class_list":["post-88","page","type-page","status-publish","hentry"],"_links":{"self":[{"href":"https:\/\/misideas.net\/index.php?rest_route=\/wp\/v2\/pages\/88","targetHints":{"allow":["GET"]}}],"collection":[{"href":"https:\/\/misideas.net\/index.php?rest_route=\/wp\/v2\/pages"}],"about":[{"href":"https:\/\/misideas.net\/index.php?rest_route=\/wp\/v2\/types\/page"}],"author":[{"embeddable":true,"href":"https:\/\/misideas.net\/index.php?rest_route=\/wp\/v2\/users\/1"}],"replies":[{"embeddable":true,"href":"https:\/\/misideas.net\/index.php?rest_route=%2Fwp%2Fv2%2Fcomments&post=88"}],"version-history":[{"count":4,"href":"https:\/\/misideas.net\/index.php?rest_route=\/wp\/v2\/pages\/88\/revisions"}],"predecessor-version":[{"id":458,"href":"https:\/\/misideas.net\/index.php?rest_route=\/wp\/v2\/pages\/88\/revisions\/458"}],"wp:attachment":[{"href":"https:\/\/misideas.net\/index.php?rest_route=%2Fwp%2Fv2%2Fmedia&parent=88"}],"curies":[{"name":"wp","href":"https:\/\/api.w.org\/{rel}","templated":true}]}}