{"id":84,"date":"2013-07-02T16:19:49","date_gmt":"2013-07-02T23:19:49","guid":{"rendered":"http:\/\/www.casalcatalalosangeles.org\/?page_id=84"},"modified":"2021-08-23T10:35:08","modified_gmt":"2021-08-23T17:35:08","slug":"butlletins","status":"publish","type":"page","link":"https:\/\/misideas.net\/?page_id=84","title":{"rendered":"BUTLLETINS"},"content":{"rendered":"<p><a href=\"https:\/\/misideas.net\/wp-content\/uploads\/2021\/08\/B100-revisat.pdf\" target=\"_blank\" rel=\"noopener\">Butllet\u00ed #100<\/a><\/p>\n<p><a href=\"https:\/\/misideas.net\/wp-content\/uploads\/2021\/01\/B99-final-small.pdf\">Butllet\u00ed #99<\/a><\/p>\n<p><a href=\"https:\/\/misideas.net\/wp-content\/uploads\/2020\/02\/B98-FINAL2small.pdf\">Butllet\u00ed #98<\/a><\/p>\n<p><a href=\"https:\/\/misideas.net\/wp-content\/uploads\/2020\/02\/B97-FINAL1small.pdf\">Butllet\u00ed #97<\/a><\/p>\n<p><a href=\"https:\/\/misideas.net\/wp-content\/uploads\/2017\/11\/B96-FINAL.pdf\">Butllet\u00ed #96<\/a><\/p>\n<p><a href=\"https:\/\/misideas.net\/wp-content\/uploads\/2017\/07\/B95-FINAL-Copy_Acrobat4Compatible.pdf\" target=\"_blank\" rel=\"noopener noreferrer\">Butllet\u00ed #95<\/a><\/p>\n<p><a href=\"https:\/\/misideas.net\/wp-content\/uploads\/2017\/07\/B94.pdf\">Butllet\u00ed #94<\/a><\/p>\n<p><a href=\"https:\/\/misideas.net\/wp-content\/uploads\/2017\/07\/B93.pdf\">Butllet\u00ed #93<\/a><\/p>\n<p><a href=\"https:\/\/misideas.net\/wp-content\/uploads\/2017\/07\/B92-1.pdf\">Butllet\u00ed #92<\/a><\/p>\n<p><a href=\"https:\/\/misideas.net\/wp-content\/uploads\/2015\/05\/B91web.pdf\">Butllet\u00ed #91<\/a><\/p>\n<p><a href=\"https:\/\/misideas.net\/wp-content\/uploads\/2017\/07\/B90.pdf\">Butllet\u00ed #90<\/a><\/p>\n<p><a href=\"https:\/\/misideas.net\/wp-content\/uploads\/2017\/07\/B89.pdf\">Butllet\u00ed #89<\/a><\/p>\n<p><a href=\"https:\/\/misideas.net\/wp-content\/uploads\/2017\/07\/B88.pdf\">Butllet\u00ed #88<\/a><\/p>\n<p><a href=\"https:\/\/misideas.net\/wp-content\/uploads\/2017\/07\/B87.pdf\">Butllet\u00ed #87<\/a><\/p>\n<p><a href=\"https:\/\/misideas.net\/wp-content\/uploads\/2017\/07\/B86.pdf\">Butllet\u00ed #86<\/a><\/p>\n<p><a href=\"https:\/\/misideas.net\/wp-content\/uploads\/2017\/07\/B84_draft.pdf\">Butllet\u00ed #84<\/a><\/p>\n<p><a href=\"https:\/\/misideas.net\/wp-content\/uploads\/2017\/07\/B83_web.pdf\">Butllet\u00ed #83<\/a><\/p>\n<p><a href=\"https:\/\/misideas.net\/wp-content\/uploads\/2017\/07\/B82.pdf\">Butllet\u00ed #82<\/a><\/p>\n<p><a href=\"https:\/\/misideas.net\/wp-content\/uploads\/2017\/07\/B81.pdf\">Butllet\u00ed #81<\/a><\/p>\n","protected":false},"excerpt":{"rendered":"<p>Butllet\u00ed #100 Butllet\u00ed #99 Butllet\u00ed #98 Butllet\u00ed #97 Butllet\u00ed #96 Butllet\u00ed #95 Butllet\u00ed #94 Butllet\u00ed #93 Butllet\u00ed #92 Butllet\u00ed #91 Butllet\u00ed #90 Butllet\u00ed #89 Butllet\u00ed #88 Butllet\u00ed #87 Butllet\u00ed #86 Butllet\u00ed #84 Butllet\u00ed #83 Butllet\u00ed #82 Butllet\u00ed #81<\/p>\n","protected":false},"author":1,"featured_media":0,"parent":0,"menu_order":5,"comment_status":"closed","ping_status":"closed","template":"","meta":{"footnotes":""},"class_list":["post-84","page","type-page","status-publish","hentry"],"_links":{"self":[{"href":"https:\/\/misideas.net\/index.php?rest_route=\/wp\/v2\/pages\/84","targetHints":{"allow":["GET"]}}],"collection":[{"href":"https:\/\/misideas.net\/index.php?rest_route=\/wp\/v2\/pages"}],"about":[{"href":"https:\/\/misideas.net\/index.php?rest_route=\/wp\/v2\/types\/page"}],"author":[{"embeddable":true,"href":"https:\/\/misideas.net\/index.php?rest_route=\/wp\/v2\/users\/1"}],"replies":[{"embeddable":true,"href":"https:\/\/misideas.net\/index.php?rest_route=%2Fwp%2Fv2%2Fcomments&post=84"}],"version-history":[{"count":12,"href":"https:\/\/misideas.net\/index.php?rest_route=\/wp\/v2\/pages\/84\/revisions"}],"predecessor-version":[{"id":1227,"href":"https:\/\/misideas.net\/index.php?rest_route=\/wp\/v2\/pages\/84\/revisions\/1227"}],"wp:attachment":[{"href":"https:\/\/misideas.net\/index.php?rest_route=%2Fwp%2Fv2%2Fmedia&parent=84"}],"curies":[{"name":"wp","href":"https:\/\/api.w.org\/{rel}","templated":true}]}}