{"id":78,"date":"2013-07-02T16:17:58","date_gmt":"2013-07-02T23:17:58","guid":{"rendered":"http:\/\/www.casalcatalalosangeles.org\/?page_id=78"},"modified":"2025-03-13T21:38:38","modified_gmt":"2025-03-14T04:38:38","slug":"renovacio","status":"publish","type":"page","link":"https:\/\/misideas.net\/?page_id=78","title":{"rendered":"RENOVACI\u00d3\/QUOTA SOCIS"},"content":{"rendered":"<p>Prem <a href=\"https:\/\/misideas.net\/wp-content\/uploads\/2025\/03\/RenovacioSoci2025-scaled.jpg\" target=\"_blank\" rel=\"noopener\">aqu\u00ed<\/a> per baixar el formulari de <strong>renovaci\u00f3<\/strong><\/p>\n<p>Prem <a href=\"https:\/\/misideas.net\/wp-content\/uploads\/2021\/08\/sollicitud-de-soci_Page_1-scaled.jpg\" target=\"_blank\" rel=\"noopener\">aqu\u00ed <\/a>per baixar el formulari per <strong>ser soci. 1<\/strong><\/p>\n<p>Prem <a href=\"https:\/\/misideas.net\/wp-content\/uploads\/2021\/08\/sollicitud-de-soci_Page_2-scaled.jpg\" target=\"_blank\" rel=\"noopener\">aqu\u00ed<\/a> per baixar el formulari per <strong>ser soci. 2<\/strong><\/p>\n<p>Click <a href=\"https:\/\/misideas.net\/wp-content\/uploads\/2025\/03\/RenovacioSoci2025-scaled.jpg\" target=\"_blank\" rel=\"noopener\">here<\/a> to download the <strong>membership renewal<\/strong> form<\/p>\n<p>Click <a href=\"https:\/\/misideas.net\/wp-content\/uploads\/2021\/08\/sollicitud-de-soci_Page_1-scaled.jpg\" target=\"_blank\" rel=\"noopener\">here<\/a> to download the <strong>membership<\/strong> form 1<\/p>\n<p>Click <a href=\"https:\/\/misideas.net\/wp-content\/uploads\/2021\/08\/sollicitud-de-soci_Page_2-scaled.jpg\" target=\"_blank\" rel=\"noopener\">here<\/a> to download the <strong>membership<\/strong> form 2<\/p>\n\n\n<p><\/p>\n","protected":false},"excerpt":{"rendered":"<p>Prem aqu\u00ed per baixar el formulari de renovaci\u00f3 Prem aqu\u00ed per baixar el formulari per ser soci. 1 Prem aqu\u00ed per baixar el formulari per ser soci. 2 Click here to download the membership renewal form Click here to download &hellip; <a href=\"https:\/\/misideas.net\/?page_id=78\">Continue reading <span class=\"meta-nav\">&rarr;<\/span><\/a><\/p>\n","protected":false},"author":1,"featured_media":0,"parent":0,"menu_order":1,"comment_status":"closed","ping_status":"closed","template":"","meta":{"footnotes":""},"class_list":["post-78","page","type-page","status-publish","hentry"],"_links":{"self":[{"href":"https:\/\/misideas.net\/index.php?rest_route=\/wp\/v2\/pages\/78","targetHints":{"allow":["GET"]}}],"collection":[{"href":"https:\/\/misideas.net\/index.php?rest_route=\/wp\/v2\/pages"}],"about":[{"href":"https:\/\/misideas.net\/index.php?rest_route=\/wp\/v2\/types\/page"}],"author":[{"embeddable":true,"href":"https:\/\/misideas.net\/index.php?rest_route=\/wp\/v2\/users\/1"}],"replies":[{"embeddable":true,"href":"https:\/\/misideas.net\/index.php?rest_route=%2Fwp%2Fv2%2Fcomments&post=78"}],"version-history":[{"count":17,"href":"https:\/\/misideas.net\/index.php?rest_route=\/wp\/v2\/pages\/78\/revisions"}],"predecessor-version":[{"id":1589,"href":"https:\/\/misideas.net\/index.php?rest_route=\/wp\/v2\/pages\/78\/revisions\/1589"}],"wp:attachment":[{"href":"https:\/\/misideas.net\/index.php?rest_route=%2Fwp%2Fv2%2Fmedia&parent=78"}],"curies":[{"name":"wp","href":"https:\/\/api.w.org\/{rel}","templated":true}]}}